{"id":274,"date":"2021-12-08T13:27:25","date_gmt":"2021-12-08T13:27:25","guid":{"rendered":"http:\/\/smissaert.dsir6925.odns.fr\/?page_id=274"},"modified":"2022-04-13T13:08:58","modified_gmt":"2022-04-13T13:08:58","slug":"services","status":"publish","type":"page","link":"http:\/\/www.smissaert.fr\/en\/services\/","title":{"rendered":"Services"},"content":{"rendered":"<p>[vc_row el_class=&#8221;services&#8221; el_id=&#8221;depot-marque&#8221;][vc_column width=&#8221;1\/6&#8243;][vc_single_image image=&#8221;219&#8243; img_size=&#8221;large&#8221;][\/vc_column][vc_column width=&#8221;5\/6&#8243;][vc_column_text]<\/p>\n<h2>Vous voulez d\u00e9poser une marque ?<\/h2>\n<p><strong>Vous vous demandez comment enregistrer une marque ?<\/strong><\/p>\n<p>Le cabinet SMISSAERT vous accompagne tout au long de la proc\u00e9dure et vous conseille dans la gestion de cette marque.<\/p>\n<p>Une marque est un signe distinctif (nom, logo, combinaison de couleurs, son, slogan&#8230;) qui sert \u00e0 identifier les produits et\/ou services d&#8217;une entreprise.<\/p>\n<p><strong>Que peut vous apporter le cabinet SMISSAERT dans l\u2019enregistrement d\u2019une marque ?<\/strong><br \/>\ndes conseils personnalis\u00e9s et adapt\u00e9s \u00e0 votre strat\u00e9gie.<br \/>\nune appr\u00e9ciation industrielle afin de couvrir au mieux l\u2019ensemble de l\u2019activit\u00e9 concern\u00e9e en ciblant vos d\u00e9p\u00f4ts tant d&#8217;un point de vue territorial que de celui de la pr\u00e9cision des libell\u00e9s des produits et services.<br \/>\nun conseil dans le cadre de la strat\u00e9gie \u00e9conomique li\u00e9e \u00e0 la d\u00e9tention d\u2019une marque qui reste un actif de l&#8217;entreprise valorisable et n\u00e9gociable.<\/p>\n<p>Rechercher, v\u00e9rifier la disponibilit\u00e9, d\u00e9poser, g\u00e9rer au travers de contrats et de surveillances, le cabinet SMISSAERT vous accompagne \u00e0 chaque \u00e9tape.[\/vc_column_text][\/vc_column][\/vc_row][vc_row el_class=&#8221;services&#8221; el_id=&#8221;depot-brevet&#8221;][vc_column width=&#8221;1\/6&#8243;][vc_single_image image=&#8221;218&#8243; img_size=&#8221;large&#8221; el_class=&#8221;img-services violet&#8221;][\/vc_column][vc_column width=&#8221;5\/6&#8243;][vc_column_text]<\/p>\n<h2>Vous voulez d\u00e9poser un brevet ?<\/h2>\n<p><strong>Le brevet sert \u00e0 prot\u00e9ger une invention pour une dur\u00e9e d\u00e9termin\u00e9e sur un territoire d\u00e9termin\u00e9. Il est r\u00e9serv\u00e9 \u00e0 la protection des innovations techniques.<\/strong><\/p>\n<p>Une invention est une r\u00e9ponse technique aux inconv\u00e9nients de l&#8217;existant. Vous travaillez dans un secteur d&#8217;activit\u00e9 et constatez que tel proc\u00e9d\u00e9 ou tel produit pourrait \u00eatre am\u00e9lior\u00e9. Vous \u00eates peut \u00eatre inventeur sans le savoir !<\/p>\n<p>Attention toutefois, :<\/p>\n<p>1) L&#8217;invention doit \u00eatre nouvelle, et ne doit pas avoir \u00e9t\u00e9 accessible au public avant le d\u00e9p\u00f4t de la demande de brevet.Si vous devez communiquer avant le d\u00e9p\u00f4t, aupr\u00e8s de sous traitants, faites le sous couvert d&#8217;un contrat de confidentialit\u00e9 pour lequel nous pouvons \u00e9galement vous assister.<\/p>\n<p>2) L&#8217;invention doit impliquer une activit\u00e9 \u00ab inventive \u00bb ce qui signifie qu&#8217;elle ne doit pas \u00eatre \u00e9vidente.<\/p>\n<p>3) L&#8217;invention doit \u00eatre susceptible d&#8217;applications industrielles ce qui signifie qu&#8217;elle doit pouvoir \u00eatre reprduite dans l&#8217;industrie.<\/p>\n<p>Le brevet est un moyen de prot\u00e9ger vos inventions, il n&#8217;est pas le seul. Nous discutons ensemble de la meilleure strat\u00e9gie \u00e0 adopter.<\/p>\n<p>Les ing\u00e9nieurs r\u00e9dacteurs ont le souci de r\u00e9diger au plus pr\u00e8s de votre invention, mais aussi de vos int\u00e9r\u00eats et conservent l&#8217;\u00e9quilibre d&#8217;une protection ni trop \u00e9troite, ni trop large.[\/vc_column_text][\/vc_column][\/vc_row][vc_row el_class=&#8221;services&#8221; el_id=&#8221;depot-modele&#8221;][vc_column width=&#8221;1\/6&#8243;][vc_single_image image=&#8221;220&#8243; img_size=&#8221;large&#8221;][\/vc_column][vc_column width=&#8221;5\/6&#8243;][vc_column_text]<\/p>\n<h2>Vous voulez d\u00e9poser un dessin ou mod\u00e8le ?<\/h2>\n<p><strong>Un dessin et mod\u00e8le est un moyen de prot\u00e9ger la forme esth\u00e9tique ext\u00e9rieure d&#8217;un produit, pour une dur\u00e9e maximale de validit\u00e9 (25 ans) et sur un territoire donn\u00e9.<\/strong><\/p>\n<p>Attention, ne sont prot\u00e9geables que les formes esth\u00e9tiquement nouvelles. Les formes techniques, ergonomiques par exemple, ne sont pas prot\u00e9geables par mod\u00e8le.<\/p>\n<p>Mod\u00e8le ou brevet il faut choisir et ne pas d\u00e9poser \u00e0 mauvais escient et dans le mauvais ordre. Il serait dommage de compromettre un possible brevet par un mod\u00e8le d\u00e9pos\u00e9 trop t\u00f4t !<\/p>\n<p>Le cabinet SMISSAERT valide avec vous l&#8217;\u00e9ligibilit\u00e9 de votre produit \u00e0 la protection par voie de mod\u00e8le et vous guide dans les proc\u00e9dures disponibles : d\u00e9p\u00f4t France, d\u00e9p\u00f4t Europe&#8230;<\/p>\n<p>Une fois bien conseill\u00e9, vous pourrez vous envoler vers d&#8217;autres imp\u00e9ratifs : vendre vos produits ![\/vc_column_text][\/vc_column][\/vc_row][vc_row el_class=&#8221;services&#8221; el_id=&#8221;depot-auteur&#8221;][vc_column width=&#8221;1\/6&#8243;][vc_single_image image=&#8221;217&#8243; img_size=&#8221;large&#8221;][\/vc_column][vc_column width=&#8221;5\/6&#8243;][vc_column_text]<\/p>\n<h2>Vous voulez faire revendiquer vos droits d&#8217;auteur ?<\/h2>\n<p><strong>Lorem ipsum de prot\u00e9ger la forme esth\u00e9tique ext\u00e9rieure d&#8217;un produit, pour une dur\u00e9e maximale de validit\u00e9 (25 ans) et sur un territoire donn\u00e9.<\/strong><\/p>\n<p>Attention, ne sont prot\u00e9geables que les formes esth\u00e9tiquement nouvelles. Les formes techniques, ergonomiques par exemple, ne sont pas prot\u00e9geables par mod\u00e8le.<\/p>\n<p>Mod\u00e8le ou brevet il faut choisir et ne pas d\u00e9poser \u00e0 mauvais escient et dans le mauvais ordre. Il serait dommage de compromettre un possible brevet par un mod\u00e8le d\u00e9pos\u00e9 trop t\u00f4t !<\/p>\n<p>Le cabinet SMISSAERT valide avec vous l&#8217;\u00e9ligibilit\u00e9 de votre produit \u00e0 la protection par voie de mod\u00e8le et vous guide dans les proc\u00e9dures disponibles : d\u00e9p\u00f4t France, d\u00e9p\u00f4t Europe&#8230;<\/p>\n<p>Une fois bien conseill\u00e9, vous pourrez vous envoler vers d&#8217;autres imp\u00e9ratifs : vendre vos produits ![\/vc_column_text][\/vc_column][\/vc_row][vc_row gap=&#8221;10&#8243; equal_height=&#8221;yes&#8221; el_class=&#8221;row-services&#8221;][vc_column width=&#8221;1\/3&#8243;][vc_row_inner el_class=&#8221;services-proprietes&#8221;][vc_column_inner][vc_single_image image=&#8221;199&#8243; img_size=&#8221;large&#8221; onclick=&#8221;custom_link&#8221; css_animation=&#8221;none&#8221; link=&#8221;\/proprietes#propriete-industrielle&#8221;][vc_column_text]<\/p>\n<h2>Propri\u00e9t\u00e9 industrielle<\/h2>\n<p>[\/vc_column_text][\/vc_column_inner][\/vc_row_inner][\/vc_column][vc_column width=&#8221;1\/3&#8243;][vc_row_inner el_class=&#8221;services-proprietes&#8221;][vc_column_inner][vc_single_image image=&#8221;200&#8243; img_size=&#8221;large&#8221; onclick=&#8221;custom_link&#8221; link=&#8221;\/proprietes#propriete-artistique&#8221;][vc_column_text]<\/p>\n<h2>Propri\u00e9t\u00e9 litt\u00e9raire &amp; artistique<\/h2>\n<p>[\/vc_column_text][\/vc_column_inner][\/vc_row_inner][\/vc_column][vc_column width=&#8221;1\/3&#8243;][vc_row_inner][vc_column_inner el_class=&#8221;services-proprietes&#8221;][vc_single_image image=&#8221;201&#8243; img_size=&#8221;large&#8221; onclick=&#8221;custom_link&#8221; link=&#8221;\/proprietes#conseil-partenaire&#8221;][vc_column_text]<\/p>\n<h2>Plus qu&#8217;un conseil, un partenaire<\/h2>\n<p>[\/vc_column_text][\/vc_column_inner][\/vc_row_inner][\/vc_column][vc_column][\/vc_column][\/vc_row]<\/p>\n","protected":false},"excerpt":{"rendered":"<p>[vc_row el_class=&#8221;services&#8221; el_id=&#8221;depot-marque&#8221;][vc_column width=&#8221;1\/6&#8243;][vc_single_image image=&#8221;219&#8243; img_size=&#8221;large&#8221;][\/vc_column][vc_column width=&#8221;5\/6&#8243;][vc_column_text] Vous voulez d\u00e9poser une marque ? Vous vous demandez comment enregistrer une marque ? Le cabinet SMISSAERT vous accompagne tout au long de la proc\u00e9dure et vous conseille dans la gestion de cette marque. Une marque est un signe distinctif (nom, logo, combinaison de couleurs, son, slogan&#8230;) qui [&hellip;]<\/p>\n","protected":false},"author":1,"featured_media":0,"parent":0,"menu_order":0,"comment_status":"closed","ping_status":"closed","template":"","meta":{"footnotes":""},"class_list":["post-274","page","type-page","status-publish","hentry"],"yoast_head":"<!-- This site is optimized with the Yoast SEO plugin v20.7 - https:\/\/yoast.com\/wordpress\/plugins\/seo\/ -->\n<title>Services | Smissaert<\/title>\n<meta name=\"robots\" content=\"index, follow, max-snippet:-1, max-image-preview:large, max-video-preview:-1\" \/>\n<link rel=\"canonical\" href=\"http:\/\/www.smissaert.fr\/en\/services\/\" \/>\n<meta property=\"og:locale\" content=\"en_US\" \/>\n<meta property=\"og:type\" content=\"article\" \/>\n<meta property=\"og:title\" content=\"Services | Smissaert\" \/>\n<meta property=\"og:description\" content=\"[vc_row el_class=&#8221;services&#8221; el_id=&#8221;depot-marque&#8221;][vc_column width=&#8221;1\/6&#8243;][vc_single_image image=&#8221;219&#8243; img_size=&#8221;large&#8221;][\/vc_column][vc_column width=&#8221;5\/6&#8243;][vc_column_text] Vous voulez d\u00e9poser une marque ? Vous vous demandez comment enregistrer une marque ? Le cabinet SMISSAERT vous accompagne tout au long de la proc\u00e9dure et vous conseille dans la gestion de cette marque. Une marque est un signe distinctif (nom, logo, combinaison de couleurs, son, slogan&#8230;) qui [&hellip;]\" \/>\n<meta property=\"og:url\" content=\"http:\/\/www.smissaert.fr\/en\/services\/\" \/>\n<meta property=\"og:site_name\" content=\"Smissaert\" \/>\n<meta property=\"article:modified_time\" content=\"2022-04-13T13:08:58+00:00\" \/>\n<meta name=\"twitter:card\" content=\"summary_large_image\" \/>\n<meta name=\"twitter:label1\" content=\"Est. reading time\" \/>\n\t<meta name=\"twitter:data1\" content=\"5 minutes\" \/>\n<script type=\"application\/ld+json\" class=\"yoast-schema-graph\">{\"@context\":\"https:\/\/schema.org\",\"@graph\":[{\"@type\":\"WebPage\",\"@id\":\"http:\/\/www.smissaert.fr\/en\/services\/\",\"url\":\"http:\/\/www.smissaert.fr\/en\/services\/\",\"name\":\"Services | Smissaert\",\"isPartOf\":{\"@id\":\"https:\/\/www.smissaert.fr\/en\/#website\"},\"datePublished\":\"2021-12-08T13:27:25+00:00\",\"dateModified\":\"2022-04-13T13:08:58+00:00\",\"breadcrumb\":{\"@id\":\"http:\/\/www.smissaert.fr\/en\/services\/#breadcrumb\"},\"inLanguage\":\"en-US\",\"potentialAction\":[{\"@type\":\"ReadAction\",\"target\":[\"http:\/\/www.smissaert.fr\/en\/services\/\"]}]},{\"@type\":\"BreadcrumbList\",\"@id\":\"http:\/\/www.smissaert.fr\/en\/services\/#breadcrumb\",\"itemListElement\":[{\"@type\":\"ListItem\",\"position\":1,\"name\":\"Accueil\",\"item\":\"https:\/\/www.smissaert.fr\/en\/\"},{\"@type\":\"ListItem\",\"position\":2,\"name\":\"Services\"}]},{\"@type\":\"WebSite\",\"@id\":\"https:\/\/www.smissaert.fr\/en\/#website\",\"url\":\"https:\/\/www.smissaert.fr\/en\/\",\"name\":\"Smissaert\",\"description\":\"\",\"potentialAction\":[{\"@type\":\"SearchAction\",\"target\":{\"@type\":\"EntryPoint\",\"urlTemplate\":\"https:\/\/www.smissaert.fr\/en\/?s={search_term_string}\"},\"query-input\":\"required name=search_term_string\"}],\"inLanguage\":\"en-US\"}]}<\/script>\n<!-- \/ Yoast SEO plugin. -->","yoast_head_json":{"title":"Services | Smissaert","robots":{"index":"index","follow":"follow","max-snippet":"max-snippet:-1","max-image-preview":"max-image-preview:large","max-video-preview":"max-video-preview:-1"},"canonical":"http:\/\/www.smissaert.fr\/en\/services\/","og_locale":"en_US","og_type":"article","og_title":"Services | Smissaert","og_description":"[vc_row el_class=&#8221;services&#8221; el_id=&#8221;depot-marque&#8221;][vc_column width=&#8221;1\/6&#8243;][vc_single_image image=&#8221;219&#8243; img_size=&#8221;large&#8221;][\/vc_column][vc_column width=&#8221;5\/6&#8243;][vc_column_text] Vous voulez d\u00e9poser une marque ? Vous vous demandez comment enregistrer une marque ? Le cabinet SMISSAERT vous accompagne tout au long de la proc\u00e9dure et vous conseille dans la gestion de cette marque. Une marque est un signe distinctif (nom, logo, combinaison de couleurs, son, slogan&#8230;) qui [&hellip;]","og_url":"http:\/\/www.smissaert.fr\/en\/services\/","og_site_name":"Smissaert","article_modified_time":"2022-04-13T13:08:58+00:00","twitter_card":"summary_large_image","twitter_misc":{"Est. reading time":"5 minutes"},"schema":{"@context":"https:\/\/schema.org","@graph":[{"@type":"WebPage","@id":"http:\/\/www.smissaert.fr\/en\/services\/","url":"http:\/\/www.smissaert.fr\/en\/services\/","name":"Services | Smissaert","isPartOf":{"@id":"https:\/\/www.smissaert.fr\/en\/#website"},"datePublished":"2021-12-08T13:27:25+00:00","dateModified":"2022-04-13T13:08:58+00:00","breadcrumb":{"@id":"http:\/\/www.smissaert.fr\/en\/services\/#breadcrumb"},"inLanguage":"en-US","potentialAction":[{"@type":"ReadAction","target":["http:\/\/www.smissaert.fr\/en\/services\/"]}]},{"@type":"BreadcrumbList","@id":"http:\/\/www.smissaert.fr\/en\/services\/#breadcrumb","itemListElement":[{"@type":"ListItem","position":1,"name":"Accueil","item":"https:\/\/www.smissaert.fr\/en\/"},{"@type":"ListItem","position":2,"name":"Services"}]},{"@type":"WebSite","@id":"https:\/\/www.smissaert.fr\/en\/#website","url":"https:\/\/www.smissaert.fr\/en\/","name":"Smissaert","description":"","potentialAction":[{"@type":"SearchAction","target":{"@type":"EntryPoint","urlTemplate":"https:\/\/www.smissaert.fr\/en\/?s={search_term_string}"},"query-input":"required name=search_term_string"}],"inLanguage":"en-US"}]}},"_links":{"self":[{"href":"http:\/\/www.smissaert.fr\/en\/wp-json\/wp\/v2\/pages\/274","targetHints":{"allow":["GET"]}}],"collection":[{"href":"http:\/\/www.smissaert.fr\/en\/wp-json\/wp\/v2\/pages"}],"about":[{"href":"http:\/\/www.smissaert.fr\/en\/wp-json\/wp\/v2\/types\/page"}],"author":[{"embeddable":true,"href":"http:\/\/www.smissaert.fr\/en\/wp-json\/wp\/v2\/users\/1"}],"replies":[{"embeddable":true,"href":"http:\/\/www.smissaert.fr\/en\/wp-json\/wp\/v2\/comments?post=274"}],"version-history":[{"count":1,"href":"http:\/\/www.smissaert.fr\/en\/wp-json\/wp\/v2\/pages\/274\/revisions"}],"predecessor-version":[{"id":275,"href":"http:\/\/www.smissaert.fr\/en\/wp-json\/wp\/v2\/pages\/274\/revisions\/275"}],"wp:attachment":[{"href":"http:\/\/www.smissaert.fr\/en\/wp-json\/wp\/v2\/media?parent=274"}],"curies":[{"name":"wp","href":"https:\/\/api.w.org\/{rel}","templated":true}]}}