{"id":267,"date":"2021-12-08T13:27:51","date_gmt":"2021-12-08T13:27:51","guid":{"rendered":"http:\/\/smissaert.dsir6925.odns.fr\/?page_id=267"},"modified":"2023-03-27T10:08:46","modified_gmt":"2023-03-27T10:08:46","slug":"contact","status":"publish","type":"page","link":"http:\/\/www.smissaert.fr\/en\/contact\/","title":{"rendered":"Contact"},"content":{"rendered":"<p>[vc_row full_width=&#8221;stretch_row&#8221; el_class=&#8221;contact-form&#8221;][vc_column][vc_column_text]<\/p>\n<h2>Please complete the form<\/h2>\n<p>[\/vc_column_text][vc_column_text]\n<div class=\"wpcf7 no-js\" id=\"wpcf7-f269-o1\" lang=\"en-US\" dir=\"ltr\">\n<div class=\"screen-reader-response\"><p role=\"status\" aria-live=\"polite\" aria-atomic=\"true\"><\/p> <ul><\/ul><\/div>\n<form action=\"\/en\/wp-json\/wp\/v2\/pages\/267#wpcf7-f269-o1\" method=\"post\" class=\"wpcf7-form init\" aria-label=\"Contact form\" novalidate=\"novalidate\" data-status=\"init\">\n<div style=\"display: none;\">\n<input type=\"hidden\" name=\"_wpcf7\" value=\"269\" \/>\n<input type=\"hidden\" name=\"_wpcf7_version\" value=\"5.7.5.1\" \/>\n<input type=\"hidden\" name=\"_wpcf7_locale\" value=\"en_US\" \/>\n<input type=\"hidden\" name=\"_wpcf7_unit_tag\" value=\"wpcf7-f269-o1\" \/>\n<input type=\"hidden\" name=\"_wpcf7_container_post\" value=\"0\" \/>\n<input type=\"hidden\" name=\"_wpcf7_posted_data_hash\" value=\"\" \/>\n<input type=\"hidden\" name=\"_wpcf7_recaptcha_response\" value=\"\" \/>\n<\/div>\n<p>De\u00a0: [your-name] <[your-email]><br \/>\nSoci\u00e9t\u00e9 : [your-company] | Fonction : [your-fonction]<br \/>\nT\u00e9l\u00e9phone : [your-phone]<br \/>\nAdresse : [your-adress] | CP : [your-cp] | Ville : [your-city]\n<\/p>\n<p>Objet\u00a0: [your-subject]\n<\/p>\n<p>Corps du message\u00a0:<br \/>\n[your-message]\n<\/p>\n<p>--<br \/>\nCet e-mail a \u00e9t\u00e9 envoy\u00e9 via le formulaire de contact de [_site_title] ([_site_url])\n<\/p><div class=\"wpcf7-response-output\" aria-hidden=\"true\"><\/div>\n<\/form>\n<\/div>\n[\/vc_column_text][\/vc_column][\/vc_row][vc_row][vc_column width=&#8221;1\/2&#8243;][vc_column_text el_class=&#8221;contact-ville&#8221;]<strong>La Rochelle<\/strong><\/p>\n<p>22 quai Louis Durand<br \/>\n17 000 La Rochelle<br \/>\nT\u00e9l : 05 46 34 55 85<br \/>\ncontact(@)smissaert.fr[\/vc_column_text][vc_gmaps link=&#8221;#E-8_JTNDaWZyYW1lJTIwc3JjJTNEJTIyaHR0cHMlM0ElMkYlMkZ3d3cuZ29vZ2xlLmNvbSUyRm1hcHMlMkZlbWJlZCUzRnBiJTNEJTIxMW0xOCUyMTFtMTIlMjExbTMlMjExZDI3NjMuNjA5NDI2MjUyMzE1NiUyMTJkLTEuMTUwNjE1MDg0MjE0MTElMjEzZDQ2LjE1ODUyMzA3OTExNTQyNiUyMTJtMyUyMTFmMCUyMTJmMCUyMTNmMCUyMTNtMiUyMTFpMTAyNCUyMTJpNzY4JTIxNGYxMy4xJTIxM20zJTIxMW0yJTIxMXMweDQ4MDE1M2FlOGRjMWUwYTclMjUzQTB4NGVlNzk2NWNjNDg3YzYxOCUyMTJzZXQlMjUyME5vZW1pZSUyNTJDJTI1MjAyMiUyNTIwUXVhaSUyNTIwTG91aXMlMjUyMER1cmFuZCUyNTJDJTI1MjAxNzAwMCUyNTIwTGElMjUyMFJvY2hlbGxlJTIxNWUwJTIxM20yJTIxMXNmciUyMTJzZnIlMjE0djE2NDk4NDMyMzMzMzIlMjE1bTIlMjExc2ZyJTIxMnNmciUyMiUyMHdpZHRoJTNEJTIyNjAwJTIyJTIwaGVpZ2h0JTNEJTIyNDUwJTIyJTIwc3R5bGUlM0QlMjJib3JkZXIlM0EwJTNCJTIyJTIwYWxsb3dmdWxsc2NyZWVuJTNEJTIyJTIyJTIwbG9hZGluZyUzRCUyMmxhenklMjIlMjByZWZlcnJlcnBvbGljeSUzRCUyMm5vLXJlZmVycmVyLXdoZW4tZG93bmdyYWRlJTIyJTNFJTNDJTJGaWZyYW1lJTNF&#8221;][\/vc_column][vc_column width=&#8221;1\/2&#8243;][vc_column_text el_class=&#8221;contact-ville&#8221;]<strong>Saintes<\/strong><\/p>\n<p>3 rue des 3 princes<br \/>\n17 100 Saintes<br \/>\n05 46 91 05 72<br \/>\ncontact(@)smissaert.fr[\/vc_column_text][vc_gmaps link=&#8221;#E-8_JTNDaWZyYW1lJTIwc3JjJTNEJTIyaHR0cHMlM0ElMkYlMkZ3d3cuZ29vZ2xlLmNvbSUyRm1hcHMlMkZlbWJlZCUzRnBiJTNEJTIxMW0xOCUyMTFtMTIlMjExbTMlMjExZDI3ODQuMzkzNjg3NjU2NDA3NiUyMTJkLTAuNjQwMjA1Njg0MjI2NjMwOSUyMTNkNDUuNzQzMjUyODc5MTA1MjIlMjEybTMlMjExZjAlMjEyZjAlMjEzZjAlMjEzbTIlMjExaTEwMjQlMjEyaTc2OCUyMTRmMTMuMSUyMTNtMyUyMTFtMiUyMTFzMHg0ODAxMDJjOWI0OGYyZTJmJTI1M0EweDc5NTgzMmI2ZGY1MWQ1ZmQlMjEyczMlMjUyMFJ1ZSUyNTIwZGVzJTI1MjAzJTI1MjBQcmluY2VzJTI1MkMlMjUyMDE3MTAwJTI1MjBTYWludGVzJTIxNWUwJTIxM20yJTIxMXNmciUyMTJzZnIlMjE0djE2NDk4NDMzMjg0MTQlMjE1bTIlMjExc2ZyJTIxMnNmciUyMiUyMHdpZHRoJTNEJTIyNjAwJTIyJTIwaGVpZ2h0JTNEJTIyNDUwJTIyJTIwc3R5bGUlM0QlMjJib3JkZXIlM0EwJTNCJTIyJTIwYWxsb3dmdWxsc2NyZWVuJTNEJTIyJTIyJTIwbG9hZGluZyUzRCUyMmxhenklMjIlMjByZWZlcnJlcnBvbGljeSUzRCUyMm5vLXJlZmVycmVyLXdoZW4tZG93bmdyYWRlJTIyJTNFJTNDJTJGaWZyYW1lJTNF&#8221;][\/vc_column][\/vc_row][vc_row][vc_column width=&#8221;1\/2&#8243;][vc_column_text el_class=&#8221;contact-ville&#8221;]<strong>Bordeaux<\/strong><\/p>\n<p>Les bureaux du Lac II<br \/>\nRue Robert Caumont, Immeuble P<br \/>\n33 049 Bordeaux Cedex<br \/>\n05 56 11 70 11<br \/>\ncontact(@)smissaert.fr[\/vc_column_text][vc_gmaps link=&#8221;#E-8_JTNDaWZyYW1lJTIwc3JjJTNEJTIyaHR0cHMlM0ElMkYlMkZ3d3cuZ29vZ2xlLmNvbSUyRm1hcHMlMkZlbWJlZCUzRnBiJTNEJTIxMW0xOCUyMTFtMTIlMjExbTMlMjExZDI4MjcuMzc3OTk3NzUzODQ3NSUyMTJkLTAuNTc2NjQzNTg0MjUyNDUyMiUyMTNkNDQuODc0OTU1OTc5MDk4NDI0JTIxMm0zJTIxMWYwJTIxMmYwJTIxM2YwJTIxM20yJTIxMWkxMDI0JTIxMmk3NjglMjE0ZjEzLjElMjEzbTMlMjExbTIlMjExczB4ZDU1Mjg0NTAyNjJhZTNiJTI1M0EweGExZTZlYjA3NzZiOWIxNWQlMjEyc1J1ZSUyNTIwUm9iZXJ0JTI1MjBDYXVtb250JTI1MkMlMjUyMDMzMzAwJTI1MjBCb3JkZWF1eCUyMTVlMCUyMTNtMiUyMTFzZnIlMjEyc2ZyJTIxNHYxNjQ5ODQzMzc4NTE0JTIxNW0yJTIxMXNmciUyMTJzZnIlMjIlMjB3aWR0aCUzRCUyMjYwMCUyMiUyMGhlaWdodCUzRCUyMjQ1MCUyMiUyMHN0eWxlJTNEJTIyYm9yZGVyJTNBMCUzQiUyMiUyMGFsbG93ZnVsbHNjcmVlbiUzRCUyMiUyMiUyMGxvYWRpbmclM0QlMjJsYXp5JTIyJTIwcmVmZXJyZXJwb2xpY3klM0QlMjJuby1yZWZlcnJlci13aGVuLWRvd25ncmFkZSUyMiUzRSUzQyUyRmlmcmFtZSUzRQ==&#8221;][\/vc_column][vc_column width=&#8221;1\/2&#8243;][\/vc_column][\/vc_row]<\/p>\n","protected":false},"excerpt":{"rendered":"<p>[vc_row full_width=&#8221;stretch_row&#8221; el_class=&#8221;contact-form&#8221;][vc_column][vc_column_text] Please complete the form [\/vc_column_text][vc_column_text][\/vc_column_text][\/vc_column][\/vc_row][vc_row][vc_column width=&#8221;1\/2&#8243;][vc_column_text el_class=&#8221;contact-ville&#8221;]La Rochelle 22 quai Louis Durand 17 000 La Rochelle T\u00e9l : 05 46 34 55 85 contact(@)smissaert.fr[\/vc_column_text][vc_gmaps link=&#8221;#E-8_JTNDaWZyYW1lJTIwc3JjJTNEJTIyaHR0cHMlM0ElMkYlMkZ3d3cuZ29vZ2xlLmNvbSUyRm1hcHMlMkZlbWJlZCUzRnBiJTNEJTIxMW0xOCUyMTFtMTIlMjExbTMlMjExZDI3NjMuNjA5NDI2MjUyMzE1NiUyMTJkLTEuMTUwNjE1MDg0MjE0MTElMjEzZDQ2LjE1ODUyMzA3OTExNTQyNiUyMTJtMyUyMTFmMCUyMTJmMCUyMTNmMCUyMTNtMiUyMTFpMTAyNCUyMTJpNzY4JTIxNGYxMy4xJTIxM20zJTIxMW0yJTIxMXMweDQ4MDE1M2FlOGRjMWUwYTclMjUzQTB4NGVlNzk2NWNjNDg3YzYxOCUyMTJzZXQlMjUyME5vZW1pZSUyNTJDJTI1MjAyMiUyNTIwUXVhaSUyNTIwTG91aXMlMjUyMER1cmFuZCUyNTJDJTI1MjAxNzAwMCUyNTIwTGElMjUyMFJvY2hlbGxlJTIxNWUwJTIxM20yJTIxMXNmciUyMTJzZnIlMjE0djE2NDk4NDMyMzMzMzIlMjE1bTIlMjExc2ZyJTIxMnNmciUyMiUyMHdpZHRoJTNEJTIyNjAwJTIyJTIwaGVpZ2h0JTNEJTIyNDUwJTIyJTIwc3R5bGUlM0QlMjJib3JkZXIlM0EwJTNCJTIyJTIwYWxsb3dmdWxsc2NyZWVuJTNEJTIyJTIyJTIwbG9hZGluZyUzRCUyMmxhenklMjIlMjByZWZlcnJlcnBvbGljeSUzRCUyMm5vLXJlZmVycmVyLXdoZW4tZG93bmdyYWRlJTIyJTNFJTNDJTJGaWZyYW1lJTNF&#8221;][\/vc_column][vc_column width=&#8221;1\/2&#8243;][vc_column_text el_class=&#8221;contact-ville&#8221;]Saintes 3 rue des 3 princes 17 100 Saintes 05 46 91 05 72 contact(@)smissaert.fr[\/vc_column_text][vc_gmaps link=&#8221;#E-8_JTNDaWZyYW1lJTIwc3JjJTNEJTIyaHR0cHMlM0ElMkYlMkZ3d3cuZ29vZ2xlLmNvbSUyRm1hcHMlMkZlbWJlZCUzRnBiJTNEJTIxMW0xOCUyMTFtMTIlMjExbTMlMjExZDI3ODQuMzkzNjg3NjU2NDA3NiUyMTJkLTAuNjQwMjA1Njg0MjI2NjMwOSUyMTNkNDUuNzQzMjUyODc5MTA1MjIlMjEybTMlMjExZjAlMjEyZjAlMjEzZjAlMjEzbTIlMjExaTEwMjQlMjEyaTc2OCUyMTRmMTMuMSUyMTNtMyUyMTFtMiUyMTFzMHg0ODAxMDJjOWI0OGYyZTJmJTI1M0EweDc5NTgzMmI2ZGY1MWQ1ZmQlMjEyczMlMjUyMFJ1ZSUyNTIwZGVzJTI1MjAzJTI1MjBQcmluY2VzJTI1MkMlMjUyMDE3MTAwJTI1MjBTYWludGVzJTIxNWUwJTIxM20yJTIxMXNmciUyMTJzZnIlMjE0djE2NDk4NDMzMjg0MTQlMjE1bTIlMjExc2ZyJTIxMnNmciUyMiUyMHdpZHRoJTNEJTIyNjAwJTIyJTIwaGVpZ2h0JTNEJTIyNDUwJTIyJTIwc3R5bGUlM0QlMjJib3JkZXIlM0EwJTNCJTIyJTIwYWxsb3dmdWxsc2NyZWVuJTNEJTIyJTIyJTIwbG9hZGluZyUzRCUyMmxhenklMjIlMjByZWZlcnJlcnBvbGljeSUzRCUyMm5vLXJlZmVycmVyLXdoZW4tZG93bmdyYWRlJTIyJTNFJTNDJTJGaWZyYW1lJTNF&#8221;][\/vc_column][\/vc_row][vc_row][vc_column width=&#8221;1\/2&#8243;][vc_column_text el_class=&#8221;contact-ville&#8221;]Bordeaux Les bureaux du Lac II Rue Robert Caumont, [&hellip;]<\/p>\n","protected":false},"author":1,"featured_media":0,"parent":0,"menu_order":0,"comment_status":"closed","ping_status":"closed","template":"","meta":{"footnotes":""},"class_list":["post-267","page","type-page","status-publish","hentry"],"yoast_head":"<!-- This site is optimized with the Yoast SEO plugin v20.7 - https:\/\/yoast.com\/wordpress\/plugins\/seo\/ -->\n<title>Contact | Smissaert<\/title>\n<meta name=\"robots\" content=\"index, follow, max-snippet:-1, max-image-preview:large, max-video-preview:-1\" \/>\n<link rel=\"canonical\" href=\"http:\/\/www.smissaert.fr\/en\/contact\/\" \/>\n<meta property=\"og:locale\" content=\"en_US\" \/>\n<meta property=\"og:type\" content=\"article\" \/>\n<meta property=\"og:title\" content=\"Contact | Smissaert\" \/>\n<meta property=\"og:description\" content=\"[vc_row full_width=&#8221;stretch_row&#8221; el_class=&#8221;contact-form&#8221;][vc_column][vc_column_text] Please complete the form [\/vc_column_text][vc_column_text][\/vc_column_text][\/vc_column][\/vc_row][vc_row][vc_column width=&#8221;1\/2&#8243;][vc_column_text el_class=&#8221;contact-ville&#8221;]La Rochelle 22 quai Louis Durand 17 000 La Rochelle T\u00e9l : 05 46 34 55 85 contact(@)smissaert.fr[\/vc_column_text][vc_gmaps link=&#8221;#E-8_JTNDaWZyYW1lJTIwc3JjJTNEJTIyaHR0cHMlM0ElMkYlMkZ3d3cuZ29vZ2xlLmNvbSUyRm1hcHMlMkZlbWJlZCUzRnBiJTNEJTIxMW0xOCUyMTFtMTIlMjExbTMlMjExZDI3NjMuNjA5NDI2MjUyMzE1NiUyMTJkLTEuMTUwNjE1MDg0MjE0MTElMjEzZDQ2LjE1ODUyMzA3OTExNTQyNiUyMTJtMyUyMTFmMCUyMTJmMCUyMTNmMCUyMTNtMiUyMTFpMTAyNCUyMTJpNzY4JTIxNGYxMy4xJTIxM20zJTIxMW0yJTIxMXMweDQ4MDE1M2FlOGRjMWUwYTclMjUzQTB4NGVlNzk2NWNjNDg3YzYxOCUyMTJzZXQlMjUyME5vZW1pZSUyNTJDJTI1MjAyMiUyNTIwUXVhaSUyNTIwTG91aXMlMjUyMER1cmFuZCUyNTJDJTI1MjAxNzAwMCUyNTIwTGElMjUyMFJvY2hlbGxlJTIxNWUwJTIxM20yJTIxMXNmciUyMTJzZnIlMjE0djE2NDk4NDMyMzMzMzIlMjE1bTIlMjExc2ZyJTIxMnNmciUyMiUyMHdpZHRoJTNEJTIyNjAwJTIyJTIwaGVpZ2h0JTNEJTIyNDUwJTIyJTIwc3R5bGUlM0QlMjJib3JkZXIlM0EwJTNCJTIyJTIwYWxsb3dmdWxsc2NyZWVuJTNEJTIyJTIyJTIwbG9hZGluZyUzRCUyMmxhenklMjIlMjByZWZlcnJlcnBvbGljeSUzRCUyMm5vLXJlZmVycmVyLXdoZW4tZG93bmdyYWRlJTIyJTNFJTNDJTJGaWZyYW1lJTNF&#8221;][\/vc_column][vc_column width=&#8221;1\/2&#8243;][vc_column_text el_class=&#8221;contact-ville&#8221;]Saintes 3 rue des 3 princes 17 100 Saintes 05 46 91 05 72 contact(@)smissaert.fr[\/vc_column_text][vc_gmaps link=&#8221;#E-8_JTNDaWZyYW1lJTIwc3JjJTNEJTIyaHR0cHMlM0ElMkYlMkZ3d3cuZ29vZ2xlLmNvbSUyRm1hcHMlMkZlbWJlZCUzRnBiJTNEJTIxMW0xOCUyMTFtMTIlMjExbTMlMjExZDI3ODQuMzkzNjg3NjU2NDA3NiUyMTJkLTAuNjQwMjA1Njg0MjI2NjMwOSUyMTNkNDUuNzQzMjUyODc5MTA1MjIlMjEybTMlMjExZjAlMjEyZjAlMjEzZjAlMjEzbTIlMjExaTEwMjQlMjEyaTc2OCUyMTRmMTMuMSUyMTNtMyUyMTFtMiUyMTFzMHg0ODAxMDJjOWI0OGYyZTJmJTI1M0EweDc5NTgzMmI2ZGY1MWQ1ZmQlMjEyczMlMjUyMFJ1ZSUyNTIwZGVzJTI1MjAzJTI1MjBQcmluY2VzJTI1MkMlMjUyMDE3MTAwJTI1MjBTYWludGVzJTIxNWUwJTIxM20yJTIxMXNmciUyMTJzZnIlMjE0djE2NDk4NDMzMjg0MTQlMjE1bTIlMjExc2ZyJTIxMnNmciUyMiUyMHdpZHRoJTNEJTIyNjAwJTIyJTIwaGVpZ2h0JTNEJTIyNDUwJTIyJTIwc3R5bGUlM0QlMjJib3JkZXIlM0EwJTNCJTIyJTIwYWxsb3dmdWxsc2NyZWVuJTNEJTIyJTIyJTIwbG9hZGluZyUzRCUyMmxhenklMjIlMjByZWZlcnJlcnBvbGljeSUzRCUyMm5vLXJlZmVycmVyLXdoZW4tZG93bmdyYWRlJTIyJTNFJTNDJTJGaWZyYW1lJTNF&#8221;][\/vc_column][\/vc_row][vc_row][vc_column width=&#8221;1\/2&#8243;][vc_column_text el_class=&#8221;contact-ville&#8221;]Bordeaux Les bureaux du Lac II Rue Robert Caumont, [&hellip;]\" \/>\n<meta property=\"og:url\" content=\"http:\/\/www.smissaert.fr\/en\/contact\/\" \/>\n<meta property=\"og:site_name\" content=\"Smissaert\" \/>\n<meta property=\"article:modified_time\" content=\"2023-03-27T10:08:46+00:00\" \/>\n<meta name=\"twitter:card\" content=\"summary_large_image\" \/>\n<meta name=\"twitter:label1\" content=\"Est. reading time\" \/>\n\t<meta name=\"twitter:data1\" content=\"1 minute\" \/>\n<script type=\"application\/ld+json\" class=\"yoast-schema-graph\">{\"@context\":\"https:\/\/schema.org\",\"@graph\":[{\"@type\":\"WebPage\",\"@id\":\"http:\/\/www.smissaert.fr\/en\/contact\/\",\"url\":\"http:\/\/www.smissaert.fr\/en\/contact\/\",\"name\":\"Contact | Smissaert\",\"isPartOf\":{\"@id\":\"https:\/\/www.smissaert.fr\/en\/#website\"},\"datePublished\":\"2021-12-08T13:27:51+00:00\",\"dateModified\":\"2023-03-27T10:08:46+00:00\",\"breadcrumb\":{\"@id\":\"http:\/\/www.smissaert.fr\/en\/contact\/#breadcrumb\"},\"inLanguage\":\"en-US\",\"potentialAction\":[{\"@type\":\"ReadAction\",\"target\":[\"http:\/\/www.smissaert.fr\/en\/contact\/\"]}]},{\"@type\":\"BreadcrumbList\",\"@id\":\"http:\/\/www.smissaert.fr\/en\/contact\/#breadcrumb\",\"itemListElement\":[{\"@type\":\"ListItem\",\"position\":1,\"name\":\"Accueil\",\"item\":\"https:\/\/www.smissaert.fr\/en\/\"},{\"@type\":\"ListItem\",\"position\":2,\"name\":\"Contact\"}]},{\"@type\":\"WebSite\",\"@id\":\"https:\/\/www.smissaert.fr\/en\/#website\",\"url\":\"https:\/\/www.smissaert.fr\/en\/\",\"name\":\"Smissaert\",\"description\":\"\",\"potentialAction\":[{\"@type\":\"SearchAction\",\"target\":{\"@type\":\"EntryPoint\",\"urlTemplate\":\"https:\/\/www.smissaert.fr\/en\/?s={search_term_string}\"},\"query-input\":\"required name=search_term_string\"}],\"inLanguage\":\"en-US\"}]}<\/script>\n<!-- \/ Yoast SEO plugin. -->","yoast_head_json":{"title":"Contact | Smissaert","robots":{"index":"index","follow":"follow","max-snippet":"max-snippet:-1","max-image-preview":"max-image-preview:large","max-video-preview":"max-video-preview:-1"},"canonical":"http:\/\/www.smissaert.fr\/en\/contact\/","og_locale":"en_US","og_type":"article","og_title":"Contact | Smissaert","og_description":"[vc_row full_width=&#8221;stretch_row&#8221; el_class=&#8221;contact-form&#8221;][vc_column][vc_column_text] Please complete the form [\/vc_column_text][vc_column_text][\/vc_column_text][\/vc_column][\/vc_row][vc_row][vc_column width=&#8221;1\/2&#8243;][vc_column_text el_class=&#8221;contact-ville&#8221;]La Rochelle 22 quai Louis Durand 17 000 La Rochelle T\u00e9l : 05 46 34 55 85 contact(@)smissaert.fr[\/vc_column_text][vc_gmaps link=&#8221;#E-8_JTNDaWZyYW1lJTIwc3JjJTNEJTIyaHR0cHMlM0ElMkYlMkZ3d3cuZ29vZ2xlLmNvbSUyRm1hcHMlMkZlbWJlZCUzRnBiJTNEJTIxMW0xOCUyMTFtMTIlMjExbTMlMjExZDI3NjMuNjA5NDI2MjUyMzE1NiUyMTJkLTEuMTUwNjE1MDg0MjE0MTElMjEzZDQ2LjE1ODUyMzA3OTExNTQyNiUyMTJtMyUyMTFmMCUyMTJmMCUyMTNmMCUyMTNtMiUyMTFpMTAyNCUyMTJpNzY4JTIxNGYxMy4xJTIxM20zJTIxMW0yJTIxMXMweDQ4MDE1M2FlOGRjMWUwYTclMjUzQTB4NGVlNzk2NWNjNDg3YzYxOCUyMTJzZXQlMjUyME5vZW1pZSUyNTJDJTI1MjAyMiUyNTIwUXVhaSUyNTIwTG91aXMlMjUyMER1cmFuZCUyNTJDJTI1MjAxNzAwMCUyNTIwTGElMjUyMFJvY2hlbGxlJTIxNWUwJTIxM20yJTIxMXNmciUyMTJzZnIlMjE0djE2NDk4NDMyMzMzMzIlMjE1bTIlMjExc2ZyJTIxMnNmciUyMiUyMHdpZHRoJTNEJTIyNjAwJTIyJTIwaGVpZ2h0JTNEJTIyNDUwJTIyJTIwc3R5bGUlM0QlMjJib3JkZXIlM0EwJTNCJTIyJTIwYWxsb3dmdWxsc2NyZWVuJTNEJTIyJTIyJTIwbG9hZGluZyUzRCUyMmxhenklMjIlMjByZWZlcnJlcnBvbGljeSUzRCUyMm5vLXJlZmVycmVyLXdoZW4tZG93bmdyYWRlJTIyJTNFJTNDJTJGaWZyYW1lJTNF&#8221;][\/vc_column][vc_column width=&#8221;1\/2&#8243;][vc_column_text el_class=&#8221;contact-ville&#8221;]Saintes 3 rue des 3 princes 17 100 Saintes 05 46 91 05 72 contact(@)smissaert.fr[\/vc_column_text][vc_gmaps link=&#8221;#E-8_JTNDaWZyYW1lJTIwc3JjJTNEJTIyaHR0cHMlM0ElMkYlMkZ3d3cuZ29vZ2xlLmNvbSUyRm1hcHMlMkZlbWJlZCUzRnBiJTNEJTIxMW0xOCUyMTFtMTIlMjExbTMlMjExZDI3ODQuMzkzNjg3NjU2NDA3NiUyMTJkLTAuNjQwMjA1Njg0MjI2NjMwOSUyMTNkNDUuNzQzMjUyODc5MTA1MjIlMjEybTMlMjExZjAlMjEyZjAlMjEzZjAlMjEzbTIlMjExaTEwMjQlMjEyaTc2OCUyMTRmMTMuMSUyMTNtMyUyMTFtMiUyMTFzMHg0ODAxMDJjOWI0OGYyZTJmJTI1M0EweDc5NTgzMmI2ZGY1MWQ1ZmQlMjEyczMlMjUyMFJ1ZSUyNTIwZGVzJTI1MjAzJTI1MjBQcmluY2VzJTI1MkMlMjUyMDE3MTAwJTI1MjBTYWludGVzJTIxNWUwJTIxM20yJTIxMXNmciUyMTJzZnIlMjE0djE2NDk4NDMzMjg0MTQlMjE1bTIlMjExc2ZyJTIxMnNmciUyMiUyMHdpZHRoJTNEJTIyNjAwJTIyJTIwaGVpZ2h0JTNEJTIyNDUwJTIyJTIwc3R5bGUlM0QlMjJib3JkZXIlM0EwJTNCJTIyJTIwYWxsb3dmdWxsc2NyZWVuJTNEJTIyJTIyJTIwbG9hZGluZyUzRCUyMmxhenklMjIlMjByZWZlcnJlcnBvbGljeSUzRCUyMm5vLXJlZmVycmVyLXdoZW4tZG93bmdyYWRlJTIyJTNFJTNDJTJGaWZyYW1lJTNF&#8221;][\/vc_column][\/vc_row][vc_row][vc_column width=&#8221;1\/2&#8243;][vc_column_text el_class=&#8221;contact-ville&#8221;]Bordeaux Les bureaux du Lac II Rue Robert Caumont, [&hellip;]","og_url":"http:\/\/www.smissaert.fr\/en\/contact\/","og_site_name":"Smissaert","article_modified_time":"2023-03-27T10:08:46+00:00","twitter_card":"summary_large_image","twitter_misc":{"Est. reading time":"1 minute"},"schema":{"@context":"https:\/\/schema.org","@graph":[{"@type":"WebPage","@id":"http:\/\/www.smissaert.fr\/en\/contact\/","url":"http:\/\/www.smissaert.fr\/en\/contact\/","name":"Contact | Smissaert","isPartOf":{"@id":"https:\/\/www.smissaert.fr\/en\/#website"},"datePublished":"2021-12-08T13:27:51+00:00","dateModified":"2023-03-27T10:08:46+00:00","breadcrumb":{"@id":"http:\/\/www.smissaert.fr\/en\/contact\/#breadcrumb"},"inLanguage":"en-US","potentialAction":[{"@type":"ReadAction","target":["http:\/\/www.smissaert.fr\/en\/contact\/"]}]},{"@type":"BreadcrumbList","@id":"http:\/\/www.smissaert.fr\/en\/contact\/#breadcrumb","itemListElement":[{"@type":"ListItem","position":1,"name":"Accueil","item":"https:\/\/www.smissaert.fr\/en\/"},{"@type":"ListItem","position":2,"name":"Contact"}]},{"@type":"WebSite","@id":"https:\/\/www.smissaert.fr\/en\/#website","url":"https:\/\/www.smissaert.fr\/en\/","name":"Smissaert","description":"","potentialAction":[{"@type":"SearchAction","target":{"@type":"EntryPoint","urlTemplate":"https:\/\/www.smissaert.fr\/en\/?s={search_term_string}"},"query-input":"required name=search_term_string"}],"inLanguage":"en-US"}]}},"_links":{"self":[{"href":"http:\/\/www.smissaert.fr\/en\/wp-json\/wp\/v2\/pages\/267","targetHints":{"allow":["GET"]}}],"collection":[{"href":"http:\/\/www.smissaert.fr\/en\/wp-json\/wp\/v2\/pages"}],"about":[{"href":"http:\/\/www.smissaert.fr\/en\/wp-json\/wp\/v2\/types\/page"}],"author":[{"embeddable":true,"href":"http:\/\/www.smissaert.fr\/en\/wp-json\/wp\/v2\/users\/1"}],"replies":[{"embeddable":true,"href":"http:\/\/www.smissaert.fr\/en\/wp-json\/wp\/v2\/comments?post=267"}],"version-history":[{"count":3,"href":"http:\/\/www.smissaert.fr\/en\/wp-json\/wp\/v2\/pages\/267\/revisions"}],"predecessor-version":[{"id":2164,"href":"http:\/\/www.smissaert.fr\/en\/wp-json\/wp\/v2\/pages\/267\/revisions\/2164"}],"wp:attachment":[{"href":"http:\/\/www.smissaert.fr\/en\/wp-json\/wp\/v2\/media?parent=267"}],"curies":[{"name":"wp","href":"https:\/\/api.w.org\/{rel}","templated":true}]}}